{"id":85,"date":"2025-12-11T12:21:04","date_gmt":"2025-12-11T09:21:04","guid":{"rendered":"https:\/\/karincaoglu.com.tr\/?page_id=85"},"modified":"2025-12-12T11:59:09","modified_gmt":"2025-12-12T08:59:09","slug":"yemek","status":"publish","type":"page","link":"https:\/\/karincaoglu.com.tr\/?page_id=85","title":{"rendered":"yemek borusu"},"content":{"rendered":"\t\t<div data-elementor-type=\"wp-post\" data-elementor-id=\"85\" class=\"elementor elementor-85\">\n\t\t\t\t<div class=\"elementor-element elementor-element-6554fb3 e-flex e-con-boxed e-con e-parent\" data-id=\"6554fb3\" data-element_type=\"container\" data-e-type=\"container\">\n\t\t\t\t\t<div class=\"e-con-inner\">\n\t\t\t\t<div class=\"elementor-element elementor-element-d31ecf3 elementor-widget elementor-widget-text-editor\" data-id=\"d31ecf3\" data-element_type=\"widget\" data-e-type=\"widget\" data-widget_type=\"text-editor.default\">\n\t\t\t\t\t\t\t\t\t<p><strong>Yemek Borusu Hastal\u0131klar\u0131nda Geli\u015fmi\u015f Tan\u0131 ve Tedavi Se\u00e7enekleri<\/strong><\/p><p><strong>Gastro\u00f6zofageal Refl\u00fc Hastal\u0131\u011f\u0131:<\/strong><\/p><p>Mide i\u00e7eri\u011finin yemek borusuna ka\u00e7mas\u0131yla olu\u015fan\u00a0<strong>G\u00d6RH<\/strong>, d\u00fcnyada en s\u0131k g\u00f6r\u00fclen mide sorunlar\u0131ndan biridir. Her 4 yeti\u015fkinden 1\u2019i bu hastal\u0131ktan etkilenmektedir.<\/p><p>Genel kan\u0131n\u0131n aksine, refl\u00fc hastal\u0131\u011f\u0131n\u0131n\u00a0<strong>d\u00f6rt farkl\u0131 tipi<\/strong>\u00a0vard\u0131r ve her tipin tedavisi farkl\u0131d\u0131r.<br \/>Baz\u0131 ki\u015filerde refl\u00fc i\u00e7in ameliyat ya da endoskopik i\u015flemler gerekebilirken, baz\u0131 hastalarda sadece ya\u015fam tarz\u0131 de\u011fi\u015fiklikleri veya psikolojik destek yeterlidir. Bu sayede, bazen gereksiz yere kullan\u0131lan <strong>mide ila\u00e7lar\u0131n\u0131n<\/strong>\u00a0(\u00f6rne\u011fin proton pompa inhibit\u00f6rleri) \u00f6n\u00fcne ge\u00e7ilmi\u015f olur. Ayr\u0131ca farkl\u0131 ila\u00e7 se\u00e7enekleri de olu\u015fturulabilir.<\/p><p>Ameliyat olmas\u0131 gereken hastalar i\u00e7in, mutlaka\u00a0<strong>detayl\u0131 bir \u00f6n de\u011ferlendirme<\/strong>\u00a0yap\u0131lmas\u0131 gerekir.<\/p><p>Klini\u011fimizde hastal\u0131\u011f\u0131 en do\u011fru \u015fekilde te\u015fhis etmek i\u00e7in en son teknoloji cihazlar kullan\u0131lmaktad\u0131r:<\/p><ul><li><strong>Y\u00fcksek \u00e7\u00f6z\u00fcn\u00fcrl\u00fckl\u00fc yemek borusu bas\u0131n\u00e7 \u00f6l\u00e7\u00fcm\u00fc (manometri)<\/strong><\/li><li><strong>24 saatlik yemek borusu asit ve s\u0131v\u0131 ka\u00e7ak \u00f6l\u00e7\u00fcm\u00fc (impedans-pH testi)<\/strong><\/li><li>\u00a0<\/li><\/ul><p>Gerekti\u011finde, refl\u00fcye y\u00f6nelik ileri d\u00fczey endoskopik tedaviler de uyguluyoruz:<\/p><ul><li><strong>Yemek borusu mukozan\u0131n kesilmesi veya yak\u0131lmas\u0131 (ARMS\/ARMA)<\/strong><\/li><li><strong>Endoskopik refl\u00fc diki\u015fi (GERDx)<\/strong><\/li><\/ul><p>Bug\u00fcne kadar\u00a0<strong>9.000\u2019in \u00fczerinde refl\u00fc hastas\u0131<\/strong>\u00a0deneyimimizle, size \u00f6zel bir tedavi plan\u0131 sunuyoruz.<\/p><p><strong>Yemek Borusu Hareket Bozukluklar\u0131 ve Akalazya<\/strong><\/p><p>Akalazya ve yemek borusunun hareket bozukluklar\u0131 konusunda da b\u00fcy\u00fck bir tecr\u00fcbeye sahibiz.<br \/>Her y\u0131l\u00a0<strong>yakla\u015f\u0131k 500 hasta<\/strong>\u00a0bu tan\u0131larla de\u011ferlendirilmektedir.<\/p><p>Hastal\u0131\u011f\u0131n tipi ve \u015fiddetine g\u00f6re farkl\u0131 tedaviler uygulanmaktad\u0131r. Zor ve ileri evre hastalarda bile ba\u015far\u0131l\u0131 sonu\u00e7lar elde ediyoruz. \u00d6rne\u011fin:<\/p><ul><li><strong>A\u015f\u0131r\u0131 geni\u015flemi\u015f yemek borusu (mega\u00f6zofagus)<\/strong><\/li><li><strong>Yemek borusu \u00e7\u0131k\u0131\u015f\u0131nda darl\u0131k (EGJ t\u0131kan\u0131kl\u0131\u011f\u0131)<\/strong><\/li><li><strong>A\u015f\u0131r\u0131 kas\u0131lan yemek borusu sorunlar\u0131<\/strong><\/li><\/ul><p>E\u011fer refl\u00fc, yutma g\u00fc\u00e7l\u00fc\u011f\u00fc ya da g\u00f6\u011f\u00fcs b\u00f6lgesinde a\u011fr\u0131, s\u0131k\u0131\u015fma gibi \u015fikayetleriniz varsa, size \u00f6zel bilimsel ve g\u00fcvenilir \u00e7\u00f6z\u00fcmler sunmak i\u00e7in buraday\u0131z.<\/p>\t\t\t\t\t\t\t\t<\/div>\n\t\t\t\t\t<\/div>\n\t\t\t\t<\/div>\n\t\t\t\t<\/div>\n\t\t","protected":false},"excerpt":{"rendered":"<p>Yemek Borusu Hastal\u0131klar\u0131nda Geli\u015fmi\u015f Tan\u0131 ve Tedavi Se\u00e7enekleri Gastro\u00f6zofageal Refl\u00fc Hastal\u0131\u011f\u0131: Mide i\u00e7eri\u011finin yemek borusuna ka\u00e7mas\u0131yla olu\u015fan\u00a0G\u00d6RH, d\u00fcnyada en s\u0131k g\u00f6r\u00fclen mide sorunlar\u0131ndan biridir. Her 4 yeti\u015fkinden 1\u2019i bu hastal\u0131ktan etkilenmektedir. Genel kan\u0131n\u0131n aksine, refl\u00fc hastal\u0131\u011f\u0131n\u0131n\u00a0d\u00f6rt farkl\u0131 tipi\u00a0vard\u0131r ve her tipin tedavisi farkl\u0131d\u0131r.Baz\u0131 ki\u015filerde refl\u00fc i\u00e7in ameliyat ya da endoskopik i\u015flemler gerekebilirken, baz\u0131 hastalarda sadece [&hellip;]<\/p>\n","protected":false},"author":1,"featured_media":0,"parent":0,"menu_order":0,"comment_status":"closed","ping_status":"closed","template":"","meta":{"footnotes":""},"class_list":["post-85","page","type-page","status-publish","hentry"],"_links":{"self":[{"href":"https:\/\/karincaoglu.com.tr\/index.php?rest_route=\/wp\/v2\/pages\/85","targetHints":{"allow":["GET"]}}],"collection":[{"href":"https:\/\/karincaoglu.com.tr\/index.php?rest_route=\/wp\/v2\/pages"}],"about":[{"href":"https:\/\/karincaoglu.com.tr\/index.php?rest_route=\/wp\/v2\/types\/page"}],"author":[{"embeddable":true,"href":"https:\/\/karincaoglu.com.tr\/index.php?rest_route=\/wp\/v2\/users\/1"}],"replies":[{"embeddable":true,"href":"https:\/\/karincaoglu.com.tr\/index.php?rest_route=%2Fwp%2Fv2%2Fcomments&post=85"}],"version-history":[{"count":8,"href":"https:\/\/karincaoglu.com.tr\/index.php?rest_route=\/wp\/v2\/pages\/85\/revisions"}],"predecessor-version":[{"id":240,"href":"https:\/\/karincaoglu.com.tr\/index.php?rest_route=\/wp\/v2\/pages\/85\/revisions\/240"}],"wp:attachment":[{"href":"https:\/\/karincaoglu.com.tr\/index.php?rest_route=%2Fwp%2Fv2%2Fmedia&parent=85"}],"curies":[{"name":"wp","href":"https:\/\/api.w.org\/{rel}","templated":true}]}}