{"id":80,"date":"2025-12-11T12:19:49","date_gmt":"2025-12-11T09:19:49","guid":{"rendered":"https:\/\/karincaoglu.com.tr\/?page_id=80"},"modified":"2025-12-11T14:41:45","modified_gmt":"2025-12-11T11:41:45","slug":"hemoroid","status":"publish","type":"page","link":"https:\/\/karincaoglu.com.tr\/?page_id=80","title":{"rendered":"hemoroid"},"content":{"rendered":"\t\t<div data-elementor-type=\"wp-post\" data-elementor-id=\"80\" class=\"elementor elementor-80\">\n\t\t\t\t<div class=\"elementor-element elementor-element-7fd3db2 e-flex e-con-boxed e-con e-parent\" data-id=\"7fd3db2\" data-element_type=\"container\" data-e-type=\"container\">\n\t\t\t\t\t<div class=\"e-con-inner\">\n\t\t\t\t<div class=\"elementor-element elementor-element-e158f09 elementor-widget elementor-widget-text-editor\" data-id=\"e158f09\" data-element_type=\"widget\" data-e-type=\"widget\" data-widget_type=\"text-editor.default\">\n\t\t\t\t\t\t\t\t\t<p><strong>Hemoroidal Bant Ligasyonu<\/strong><\/p><p><strong>Hemoroidal Bant Ligasyonu (Lastik Bant Y\u00f6ntemi)<br \/><\/strong>Hemoroid tedavisinde kullan\u0131lan, ameliyats\u0131z ve k\u0131sa s\u00fcrede tamamlanan bir y\u00f6ntemdir. \u0130\u00e7 hemoroidlerin kan ak\u0131\u015f\u0131 \u00f6zel lastik bantlarla kesilerek zamanla k\u00fc\u00e7\u00fclmesi sa\u011flan\u0131r.<\/p><p>Bu i\u015flem:<\/p><ul><li>Sedasyon gerektirmez<br \/>\u2022 A\u011fr\u0131s\u0131zd\u0131r<br \/>\u2022 Merkezimizde g\u00fcvenle uygulanmaktad\u0131r<\/li><\/ul><p>Erken evre i\u00e7 hemoroid \u015fikayetlerinde etkili bir \u00e7\u00f6z\u00fcm sunar.<br \/>\u0130\u015flem sonras\u0131 hasta ayn\u0131 g\u00fcn g\u00fcnl\u00fck ya\u015fant\u0131s\u0131na d\u00f6nebilir.<\/p>\t\t\t\t\t\t\t\t<\/div>\n\t\t\t\t\t<\/div>\n\t\t\t\t<\/div>\n\t\t\t\t<\/div>\n\t\t","protected":false},"excerpt":{"rendered":"<p>Hemoroidal Bant Ligasyonu Hemoroidal Bant Ligasyonu (Lastik Bant Y\u00f6ntemi)Hemoroid tedavisinde kullan\u0131lan, ameliyats\u0131z ve k\u0131sa s\u00fcrede tamamlanan bir y\u00f6ntemdir. \u0130\u00e7 hemoroidlerin kan ak\u0131\u015f\u0131 \u00f6zel lastik bantlarla kesilerek zamanla k\u00fc\u00e7\u00fclmesi sa\u011flan\u0131r. Bu i\u015flem: Sedasyon gerektirmez\u2022 A\u011fr\u0131s\u0131zd\u0131r\u2022 Merkezimizde g\u00fcvenle uygulanmaktad\u0131r Erken evre i\u00e7 hemoroid \u015fikayetlerinde etkili bir \u00e7\u00f6z\u00fcm sunar.\u0130\u015flem sonras\u0131 hasta ayn\u0131 g\u00fcn g\u00fcnl\u00fck ya\u015fant\u0131s\u0131na d\u00f6nebilir.<\/p>\n","protected":false},"author":1,"featured_media":0,"parent":0,"menu_order":0,"comment_status":"closed","ping_status":"closed","template":"","meta":{"footnotes":""},"class_list":["post-80","page","type-page","status-publish","hentry"],"_links":{"self":[{"href":"https:\/\/karincaoglu.com.tr\/index.php?rest_route=\/wp\/v2\/pages\/80","targetHints":{"allow":["GET"]}}],"collection":[{"href":"https:\/\/karincaoglu.com.tr\/index.php?rest_route=\/wp\/v2\/pages"}],"about":[{"href":"https:\/\/karincaoglu.com.tr\/index.php?rest_route=\/wp\/v2\/types\/page"}],"author":[{"embeddable":true,"href":"https:\/\/karincaoglu.com.tr\/index.php?rest_route=\/wp\/v2\/users\/1"}],"replies":[{"embeddable":true,"href":"https:\/\/karincaoglu.com.tr\/index.php?rest_route=%2Fwp%2Fv2%2Fcomments&post=80"}],"version-history":[{"count":7,"href":"https:\/\/karincaoglu.com.tr\/index.php?rest_route=\/wp\/v2\/pages\/80\/revisions"}],"predecessor-version":[{"id":107,"href":"https:\/\/karincaoglu.com.tr\/index.php?rest_route=\/wp\/v2\/pages\/80\/revisions\/107"}],"wp:attachment":[{"href":"https:\/\/karincaoglu.com.tr\/index.php?rest_route=%2Fwp%2Fv2%2Fmedia&parent=80"}],"curies":[{"name":"wp","href":"https:\/\/api.w.org\/{rel}","templated":true}]}}