{"id":75,"date":"2025-12-11T12:18:53","date_gmt":"2025-12-11T09:18:53","guid":{"rendered":"https:\/\/karincaoglu.com.tr\/?page_id=75"},"modified":"2025-12-11T14:42:18","modified_gmt":"2025-12-11T11:42:18","slug":"kapsul","status":"publish","type":"page","link":"https:\/\/karincaoglu.com.tr\/?page_id=75","title":{"rendered":"kapsul"},"content":{"rendered":"\t\t<div data-elementor-type=\"wp-post\" data-elementor-id=\"75\" class=\"elementor elementor-75\">\n\t\t\t\t<div class=\"elementor-element elementor-element-57c9608 e-flex e-con-boxed e-con e-parent\" data-id=\"57c9608\" data-element_type=\"container\" data-e-type=\"container\">\n\t\t\t\t\t<div class=\"e-con-inner\">\n\t\t\t\t<div class=\"elementor-element elementor-element-1f2a926 elementor-widget elementor-widget-text-editor\" data-id=\"1f2a926\" data-element_type=\"widget\" data-e-type=\"widget\" data-widget_type=\"text-editor.default\">\n\t\t\t\t\t\t\t\t\t<p><strong>Video Kaps\u00fcl Endoskopi<\/strong><\/p><p><strong>Video Kaps\u00fcl Endoskopi Nedir?<\/strong><\/p><p>Video kaps\u00fcl endoskopi, sindirim sisteminin \u00f6zellikle ince ba\u011f\u0131rsak b\u00f6lgesini g\u00f6r\u00fcnt\u00fclemek amac\u0131yla kullan\u0131lan modern ve konforlu bir tan\u0131 y\u00f6ntemidir. Bu i\u015flemde, ila\u00e7 kaps\u00fcl\u00fc b\u00fcy\u00fckl\u00fc\u011f\u00fcnde, i\u00e7inde \u00f6zel kamera sistemi bar\u0131nd\u0131ran bir kaps\u00fcl bir bardak su ile yutulur. Kaps\u00fcl sindirim sistemi boyunca ilerlerken binlerce g\u00f6r\u00fcnt\u00fc kaydeder ve bu g\u00f6r\u00fcnt\u00fcler belinize tak\u0131lan bir kay\u0131t cihaz\u0131na kablosuz olarak iletilir. Video kaps\u00fcl\u00fc i\u00e7tikten sonra herhangi bir m\u00fcdahale yap\u0131lmaz, hasta g\u00fcnl\u00fck ya\u015fam\u0131na devam edebilir. Video kaps\u00fcl endoskopisi, \u00f6zellikle ince ba\u011f\u0131rsa\u011f\u0131n de\u011ferlendirilmesinde g\u00fcvenli, a\u011fr\u0131s\u0131z ve etkili bir tan\u0131 y\u00f6ntemidir. Anestezi ya da sedasyon gerektirmemesi, bu y\u00f6ntemi hastalar i\u00e7in olduk\u00e7a konforlu hale getirir.<\/p><p>\u00a0<\/p><p><strong>Hangi Durumlarda Video Kaps\u00fcl Endoskopi Uygulan\u0131r?<\/strong><\/p><p>Video kaps\u00fcl endoskopisi, \u00f6zofagogastroduodenoskopi yani \u00fcst sindirim sistemi endoskopisi ve ileo-kolonoskopi ile a\u00e7\u0131klanamayan, ince ba\u011f\u0131rsak hastal\u0131klar\u0131n\u0131 ara\u015ft\u0131rmak i\u00e7in kullan\u0131labilir. A\u015fa\u011f\u0131daki durumlarda s\u0131k\u00e7a uygulan\u0131r:<\/p><p>&#8211; Sebebi belirlenemeyen mide-ba\u011f\u0131rsak kanamalar\u0131<\/p><p>&#8211; Uzun s\u00fcren ishal ve kar\u0131n a\u011fr\u0131s\u0131<\/p><p>&#8211; Demir eksikli\u011fine ba\u011fl\u0131 kans\u0131zl\u0131k<\/p><p>&#8211; Crohn hastal\u0131\u011f\u0131 gibi iltihabi ba\u011f\u0131rsak hastal\u0131klar\u0131n\u0131n tan\u0131 ve takibi<\/p><p>&#8211; \u0130nce ba\u011f\u0131rsakta t\u00fcm\u00f6r, polip ya da ba\u015fka anormallik \u015f\u00fcphesi<\/p><p><strong>\u0130\u015flem \u00d6ncesinde ve Sonras\u0131nda Nelere Dikkat Edilmeli?<\/strong><\/p><p>&#8211; \u0130\u015flemden \u00f6nce genellikle 8-12 saatlik a\u00e7l\u0131k gereklidir. Gerekirse ba\u011f\u0131rsak temizli\u011fi i\u00e7in doktorunuz ila\u00e7 \u00f6nerebilir.<\/p><p>&#8211; Kaps\u00fcl yutulduktan sonra genellikle birka\u00e7 saatlik s\u00fcreyle a\u011f\u0131zdan beslenme k\u0131s\u0131tlan\u0131r, ard\u0131ndan hafif g\u0131dalarla beslenmeye ba\u015flanabilir.<\/p><p>&#8211; Kaps\u00fcl i\u015flem s\u0131ras\u0131nda hi\u00e7bir a\u011fr\u0131 ya da rahats\u0131zl\u0131k vermez. G\u00fcnl\u00fck i\u015flerinize devam edebilirsiniz.<\/p><p>&#8211; \u0130\u015flem s\u0131ras\u0131nda ve sonras\u0131nda MR gibi manyetik cihazlara girilmemelidir.<\/p><p>&#8211; Kaps\u00fcl genellikle 24-48 saat i\u00e7inde kendili\u011finden d\u0131\u015fk\u0131 yoluyla v\u00fccuttan at\u0131l\u0131r.<\/p>\t\t\t\t\t\t\t\t<\/div>\n\t\t\t\t\t<\/div>\n\t\t\t\t<\/div>\n\t\t\t\t<\/div>\n\t\t","protected":false},"excerpt":{"rendered":"<p>Video Kaps\u00fcl Endoskopi Video Kaps\u00fcl Endoskopi Nedir? Video kaps\u00fcl endoskopi, sindirim sisteminin \u00f6zellikle ince ba\u011f\u0131rsak b\u00f6lgesini g\u00f6r\u00fcnt\u00fclemek amac\u0131yla kullan\u0131lan modern ve konforlu bir tan\u0131 y\u00f6ntemidir. Bu i\u015flemde, ila\u00e7 kaps\u00fcl\u00fc b\u00fcy\u00fckl\u00fc\u011f\u00fcnde, i\u00e7inde \u00f6zel kamera sistemi bar\u0131nd\u0131ran bir kaps\u00fcl bir bardak su ile yutulur. Kaps\u00fcl sindirim sistemi boyunca ilerlerken binlerce g\u00f6r\u00fcnt\u00fc kaydeder ve bu g\u00f6r\u00fcnt\u00fcler belinize tak\u0131lan [&hellip;]<\/p>\n","protected":false},"author":1,"featured_media":0,"parent":0,"menu_order":0,"comment_status":"closed","ping_status":"closed","template":"","meta":{"footnotes":""},"class_list":["post-75","page","type-page","status-publish","hentry"],"_links":{"self":[{"href":"https:\/\/karincaoglu.com.tr\/index.php?rest_route=\/wp\/v2\/pages\/75","targetHints":{"allow":["GET"]}}],"collection":[{"href":"https:\/\/karincaoglu.com.tr\/index.php?rest_route=\/wp\/v2\/pages"}],"about":[{"href":"https:\/\/karincaoglu.com.tr\/index.php?rest_route=\/wp\/v2\/types\/page"}],"author":[{"embeddable":true,"href":"https:\/\/karincaoglu.com.tr\/index.php?rest_route=\/wp\/v2\/users\/1"}],"replies":[{"embeddable":true,"href":"https:\/\/karincaoglu.com.tr\/index.php?rest_route=%2Fwp%2Fv2%2Fcomments&post=75"}],"version-history":[{"count":7,"href":"https:\/\/karincaoglu.com.tr\/index.php?rest_route=\/wp\/v2\/pages\/75\/revisions"}],"predecessor-version":[{"id":114,"href":"https:\/\/karincaoglu.com.tr\/index.php?rest_route=\/wp\/v2\/pages\/75\/revisions\/114"}],"wp:attachment":[{"href":"https:\/\/karincaoglu.com.tr\/index.php?rest_route=%2Fwp%2Fv2%2Fmedia&parent=75"}],"curies":[{"name":"wp","href":"https:\/\/api.w.org\/{rel}","templated":true}]}}