{"id":7,"date":"2025-12-11T08:02:23","date_gmt":"2025-12-11T08:02:23","guid":{"rendered":"https:\/\/karincaoglu.com.tr\/?page_id=7"},"modified":"2025-12-16T12:04:36","modified_gmt":"2025-12-16T09:04:36","slug":"index","status":"publish","type":"page","link":"https:\/\/karincaoglu.com.tr\/","title":{"rendered":"MK"},"content":{"rendered":"\t\t<div data-elementor-type=\"wp-post\" data-elementor-id=\"7\" class=\"elementor elementor-7\">\n\t\t\t\t<div class=\"elementor-element elementor-element-669bf51 e-con-full e-flex e-con e-parent\" data-id=\"669bf51\" data-element_type=\"container\" data-e-type=\"container\">\n\t\t\t\t<div class=\"elementor-element elementor-element-b63de49 elementor-widget__width-initial elementor-widget elementor-widget-heading\" data-id=\"b63de49\" data-element_type=\"widget\" data-e-type=\"widget\" data-widget_type=\"heading.default\">\n\t\t\t\t\t<h2 class=\"elementor-heading-title elementor-size-default\">Prof. Dr. Melih Kar\u0131ncao\u011flu<\/h2>\t\t\t\t<\/div>\n\t\t\t\t<div class=\"elementor-element elementor-element-19207d2 elementor-arrows-position-outside elementor-widget__width-auto elementor-pagination-position-outside elementor-widget elementor-widget-image-carousel\" data-id=\"19207d2\" data-element_type=\"widget\" data-e-type=\"widget\" data-settings=\"{&quot;autoplay_speed&quot;:8000,&quot;speed&quot;:800,&quot;navigation&quot;:&quot;both&quot;,&quot;autoplay&quot;:&quot;yes&quot;,&quot;pause_on_interaction&quot;:&quot;yes&quot;,&quot;infinite&quot;:&quot;yes&quot;}\" data-widget_type=\"image-carousel.default\">\n\t\t\t\t\t\t\t<div class=\"elementor-image-carousel-wrapper swiper\" role=\"region\" aria-roledescription=\"carousel\" aria-label=\"Resim D\u00f6ng\u00fcs\u00fc\" dir=\"ltr\">\n\t\t\t<div class=\"elementor-image-carousel swiper-wrapper swiper-image-stretch\" aria-live=\"off\">\n\t\t\t\t\t\t\t\t<div class=\"swiper-slide\" role=\"group\" aria-roledescription=\"slide\" aria-label=\"1 \/ 20\"><figure class=\"swiper-slide-inner\"><img decoding=\"async\" class=\"swiper-slide-image\" src=\"https:\/\/karincaoglu.com.tr\/wp-content\/uploads\/2025\/12\/DSC01300-150x150.jpg\" alt=\"DSC01300\" \/><\/figure><\/div><div class=\"swiper-slide\" role=\"group\" aria-roledescription=\"slide\" aria-label=\"2 \/ 20\"><figure class=\"swiper-slide-inner\"><img decoding=\"async\" class=\"swiper-slide-image\" src=\"https:\/\/karincaoglu.com.tr\/wp-content\/uploads\/2025\/12\/DSC01298-150x150.webp\" alt=\"DSC01298\" \/><\/figure><\/div><div class=\"swiper-slide\" role=\"group\" aria-roledescription=\"slide\" aria-label=\"3 \/ 20\"><figure class=\"swiper-slide-inner\"><img decoding=\"async\" class=\"swiper-slide-image\" src=\"https:\/\/karincaoglu.com.tr\/wp-content\/uploads\/2025\/12\/DSC01261-1-150x150.jpg\" alt=\"DSC01261\" \/><\/figure><\/div><div class=\"swiper-slide\" role=\"group\" aria-roledescription=\"slide\" aria-label=\"4 \/ 20\"><figure class=\"swiper-slide-inner\"><img decoding=\"async\" class=\"swiper-slide-image\" src=\"https:\/\/karincaoglu.com.tr\/wp-content\/uploads\/2025\/12\/DSC01225-150x150.webp\" alt=\"DSC01225\" \/><\/figure><\/div><div class=\"swiper-slide\" role=\"group\" aria-roledescription=\"slide\" aria-label=\"5 \/ 20\"><figure class=\"swiper-slide-inner\"><img decoding=\"async\" class=\"swiper-slide-image\" src=\"https:\/\/karincaoglu.com.tr\/wp-content\/uploads\/2025\/12\/DSC01213-150x150.jpg\" alt=\"DSC01213\" \/><\/figure><\/div><div class=\"swiper-slide\" role=\"group\" aria-roledescription=\"slide\" aria-label=\"6 \/ 20\"><figure class=\"swiper-slide-inner\"><img decoding=\"async\" class=\"swiper-slide-image\" src=\"https:\/\/karincaoglu.com.tr\/wp-content\/uploads\/2025\/12\/DSC01104-150x150.webp\" alt=\"DSC01104\" \/><\/figure><\/div><div class=\"swiper-slide\" role=\"group\" aria-roledescription=\"slide\" aria-label=\"7 \/ 20\"><figure class=\"swiper-slide-inner\"><img decoding=\"async\" class=\"swiper-slide-image\" src=\"https:\/\/karincaoglu.com.tr\/wp-content\/uploads\/2025\/12\/DSC01107-150x150.jpg\" alt=\"DSC01107\" \/><\/figure><\/div><div class=\"swiper-slide\" role=\"group\" aria-roledescription=\"slide\" aria-label=\"8 \/ 20\"><figure class=\"swiper-slide-inner\"><img decoding=\"async\" class=\"swiper-slide-image\" src=\"https:\/\/karincaoglu.com.tr\/wp-content\/uploads\/2025\/12\/DSC01201-150x150.webp\" alt=\"DSC01201\" \/><\/figure><\/div><div class=\"swiper-slide\" role=\"group\" aria-roledescription=\"slide\" aria-label=\"9 \/ 20\"><figure class=\"swiper-slide-inner\"><img decoding=\"async\" class=\"swiper-slide-image\" src=\"https:\/\/karincaoglu.com.tr\/wp-content\/uploads\/2025\/12\/DSC01012-150x150.webp\" alt=\"DSC01012\" \/><\/figure><\/div><div class=\"swiper-slide\" role=\"group\" aria-roledescription=\"slide\" aria-label=\"10 \/ 20\"><figure class=\"swiper-slide-inner\"><img decoding=\"async\" class=\"swiper-slide-image\" src=\"https:\/\/karincaoglu.com.tr\/wp-content\/uploads\/2025\/12\/DSC00995-2-150x150.webp\" alt=\"DSC00995-2\" \/><\/figure><\/div><div class=\"swiper-slide\" role=\"group\" aria-roledescription=\"slide\" aria-label=\"11 \/ 20\"><figure class=\"swiper-slide-inner\"><img decoding=\"async\" class=\"swiper-slide-image\" src=\"https:\/\/karincaoglu.com.tr\/wp-content\/uploads\/2025\/12\/DSC00976-150x150.webp\" alt=\"DSC00976\" \/><\/figure><\/div><div class=\"swiper-slide\" role=\"group\" aria-roledescription=\"slide\" aria-label=\"12 \/ 20\"><figure class=\"swiper-slide-inner\"><img decoding=\"async\" class=\"swiper-slide-image\" src=\"https:\/\/karincaoglu.com.tr\/wp-content\/uploads\/2025\/12\/DSC01261-150x150.webp\" alt=\"DSC01261\" \/><\/figure><\/div><div class=\"swiper-slide\" role=\"group\" aria-roledescription=\"slide\" aria-label=\"13 \/ 20\"><figure class=\"swiper-slide-inner\"><img decoding=\"async\" class=\"swiper-slide-image\" src=\"https:\/\/karincaoglu.com.tr\/wp-content\/uploads\/2025\/12\/DSC01256-150x150.webp\" alt=\"DSC01256\" \/><\/figure><\/div><div class=\"swiper-slide\" role=\"group\" aria-roledescription=\"slide\" aria-label=\"14 \/ 20\"><figure class=\"swiper-slide-inner\"><img decoding=\"async\" class=\"swiper-slide-image\" src=\"https:\/\/karincaoglu.com.tr\/wp-content\/uploads\/2025\/12\/DSC01304-150x150.webp\" alt=\"DSC01304\" \/><\/figure><\/div><div class=\"swiper-slide\" role=\"group\" aria-roledescription=\"slide\" aria-label=\"15 \/ 20\"><figure class=\"swiper-slide-inner\"><img decoding=\"async\" class=\"swiper-slide-image\" src=\"https:\/\/karincaoglu.com.tr\/wp-content\/uploads\/2025\/12\/DSC01207-150x150.webp\" alt=\"DSC01207\" \/><\/figure><\/div><div class=\"swiper-slide\" role=\"group\" aria-roledescription=\"slide\" aria-label=\"16 \/ 20\"><figure class=\"swiper-slide-inner\"><img decoding=\"async\" class=\"swiper-slide-image\" src=\"https:\/\/karincaoglu.com.tr\/wp-content\/uploads\/2025\/12\/DSC00995-2-1-150x150.jpg\" alt=\"DSC00995-2\" \/><\/figure><\/div><div class=\"swiper-slide\" role=\"group\" aria-roledescription=\"slide\" aria-label=\"17 \/ 20\"><figure class=\"swiper-slide-inner\"><img decoding=\"async\" class=\"swiper-slide-image\" src=\"https:\/\/karincaoglu.com.tr\/wp-content\/uploads\/2025\/12\/DSC01038-150x150.jpg\" alt=\"DSC01038\" \/><\/figure><\/div><div class=\"swiper-slide\" role=\"group\" aria-roledescription=\"slide\" aria-label=\"18 \/ 20\"><figure class=\"swiper-slide-inner\"><img decoding=\"async\" class=\"swiper-slide-image\" src=\"https:\/\/karincaoglu.com.tr\/wp-content\/uploads\/2025\/12\/DSC01003-1-150x150.jpg\" alt=\"DSC01003\" \/><\/figure><\/div><div class=\"swiper-slide\" role=\"group\" aria-roledescription=\"slide\" aria-label=\"19 \/ 20\"><figure class=\"swiper-slide-inner\"><img decoding=\"async\" class=\"swiper-slide-image\" src=\"https:\/\/karincaoglu.com.tr\/wp-content\/uploads\/2025\/12\/DSC01178-150x150.jpg\" alt=\"DSC01178\" \/><\/figure><\/div><div class=\"swiper-slide\" role=\"group\" aria-roledescription=\"slide\" aria-label=\"20 \/ 20\"><figure class=\"swiper-slide-inner\"><img decoding=\"async\" class=\"swiper-slide-image\" src=\"https:\/\/karincaoglu.com.tr\/wp-content\/uploads\/2025\/12\/WhatsApp-Image-2025-09-24-at-13.20.05-150x150.jpeg\" alt=\"WhatsApp Image 2025-09-24 at 13.20.05\" \/><\/figure><\/div>\t\t\t<\/div>\n\t\t\t\t\t\t\t\t\t\t\t\t<div class=\"elementor-swiper-button elementor-swiper-button-prev\" role=\"button\" tabindex=\"0\">\n\t\t\t\t\t\t<svg aria-hidden=\"true\" class=\"e-font-icon-svg e-eicon-chevron-left\" viewBox=\"0 0 1000 1000\" xmlns=\"http:\/\/www.w3.org\/2000\/svg\"><path d=\"M646 125C629 125 613 133 604 142L308 442C296 454 292 471 292 487 292 504 296 521 308 533L604 854C617 867 629 875 646 875 663 875 679 871 692 858 704 846 713 829 713 812 713 796 708 779 692 767L438 487 692 225C700 217 708 204 708 187 708 171 704 154 692 142 675 129 663 125 646 125Z\"><\/path><\/svg>\t\t\t\t\t<\/div>\n\t\t\t\t\t<div class=\"elementor-swiper-button elementor-swiper-button-next\" role=\"button\" tabindex=\"0\">\n\t\t\t\t\t\t<svg aria-hidden=\"true\" class=\"e-font-icon-svg e-eicon-chevron-right\" viewBox=\"0 0 1000 1000\" xmlns=\"http:\/\/www.w3.org\/2000\/svg\"><path d=\"M696 533C708 521 713 504 713 487 713 471 708 454 696 446L400 146C388 133 375 125 354 125 338 125 325 129 313 142 300 154 292 171 292 187 292 204 296 221 308 233L563 492 304 771C292 783 288 800 288 817 288 833 296 850 308 863 321 871 338 875 354 875 371 875 388 867 400 854L696 533Z\"><\/path><\/svg>\t\t\t\t\t<\/div>\n\t\t\t\t\n\t\t\t\t\t\t\t\t\t<div class=\"swiper-pagination\"><\/div>\n\t\t\t\t\t\t\t\t\t<\/div>\n\t\t\t\t\t\t<\/div>\n\t\t\t\t<\/div>\n\t\t<div class=\"elementor-element elementor-element-e0c85ce e-con-full e-flex e-con e-parent\" data-id=\"e0c85ce\" data-element_type=\"container\" data-e-type=\"container\">\n\t\t<div class=\"elementor-element elementor-element-bd65971 e-flex e-con-boxed e-con e-child\" data-id=\"bd65971\" data-element_type=\"container\" data-e-type=\"container\">\n\t\t\t\t\t<div class=\"e-con-inner\">\n\t\t\t\t<div class=\"elementor-element elementor-element-46e059d elementor-widget elementor-widget-image\" data-id=\"46e059d\" data-element_type=\"widget\" data-e-type=\"widget\" data-widget_type=\"image.default\">\n\t\t\t\t\t\t\t\t\t\t\t\t\t\t\t<img fetchpriority=\"high\" decoding=\"async\" width=\"768\" height=\"536\" src=\"https:\/\/karincaoglu.com.tr\/wp-content\/uploads\/2025\/12\/DSC01245-768x536.jpg\" class=\"attachment-medium_large size-medium_large wp-image-24\" alt=\"\" srcset=\"https:\/\/karincaoglu.com.tr\/wp-content\/uploads\/2025\/12\/DSC01245-768x536.jpg 768w, https:\/\/karincaoglu.com.tr\/wp-content\/uploads\/2025\/12\/DSC01245-300x209.jpg 300w, https:\/\/karincaoglu.com.tr\/wp-content\/uploads\/2025\/12\/DSC01245-1024x714.jpg 1024w, https:\/\/karincaoglu.com.tr\/wp-content\/uploads\/2025\/12\/DSC01245-1536x1071.jpg 1536w, https:\/\/karincaoglu.com.tr\/wp-content\/uploads\/2025\/12\/DSC01245.jpg 2048w\" sizes=\"(max-width: 768px) 100vw, 768px\" \/>\t\t\t\t\t\t\t\t\t\t\t\t\t\t\t<\/div>\n\t\t\t\t\t<\/div>\n\t\t\t\t<\/div>\n\t\t\t\t<div class=\"elementor-element elementor-element-79627ab elementor-widget elementor-widget-text-editor\" data-id=\"79627ab\" data-element_type=\"widget\" data-e-type=\"widget\" data-widget_type=\"text-editor.default\">\n\t\t\t\t\t\t\t\t\t<p><a href=\"https:\/\/karincaoglu.com.tr\/?page_id=38\"><span style=\"color: #ff0000;\"><strong>Endoskopik tan\u0131 y\u00f6ntemleri <\/strong><\/span><\/a><\/p><ul><li><a href=\"https:\/\/karincaoglu.com.tr\/?page_id=38\">\u00dcst Sindirim Sistemi Endoskopisi<\/a><\/li><li><a href=\"https:\/\/karincaoglu.com.tr\/?page_id=38\">Kolonoskopi -rektoskopi<\/a><\/li><li><a href=\"https:\/\/karincaoglu.com.tr\/?page_id=65\">Kroma endoskopi<\/a><\/li><li><a href=\"https:\/\/karincaoglu.com.tr\/?page_id=75\">Video-kaps\u00fcl endoskopi<\/a><\/li><\/ul>\t\t\t\t\t\t\t\t<\/div>\n\t\t\t\t<div class=\"elementor-element elementor-element-e18cdce elementor-widget elementor-widget-text-editor\" data-id=\"e18cdce\" data-element_type=\"widget\" data-e-type=\"widget\" data-widget_type=\"text-editor.default\">\n\t\t\t\t\t\t\t\t\t<p><a href=\"https:\/\/karincaoglu.com.tr\/?page_id=70\"><span style=\"color: #ff0000;\"><strong>Endoskopik Tedavi y\u00f6ntemleri<\/strong><\/span><\/a><\/p><ul><li><a href=\"https:\/\/karincaoglu.com.tr\/?page_id=70\">Polipektomi<\/a><\/li><li><a href=\"https:\/\/karincaoglu.com.tr\/?page_id=70\">Endoskopik mukozal rezeksiyon (EMR)<\/a><\/li><li><a href=\"https:\/\/karincaoglu.com.tr\/?page_id=70\">Endoskopik submukozal diseksiyon (ESD)<\/a><\/li><li><a href=\"https:\/\/karincaoglu.com.tr\/?page_id=44\">\u00d6zofagus band ligasyonu<\/a><\/li><li><a href=\"https:\/\/karincaoglu.com.tr\/?page_id=80\">Hemoroid band ligasyonu<\/a><\/li><li><a href=\"https:\/\/karincaoglu.com.tr\/?page_id=51\">Perkutan endoskopik gastrostomi (PEG)<\/a><\/li><li><a href=\"https:\/\/karincaoglu.com.tr\/?page_id=51\">Perkutan endoskopik jejunostomi (PEJ)<\/a><\/li><\/ul>\t\t\t\t\t\t\t\t<\/div>\n\t\t\t\t<div class=\"elementor-element elementor-element-12e06be elementor-widget elementor-widget-text-editor\" data-id=\"12e06be\" data-element_type=\"widget\" data-e-type=\"widget\" data-widget_type=\"text-editor.default\">\n\t\t\t\t\t\t\t\t\t<p><span style=\"color: #ff0000;\"><strong>Kab\u0131zl\u0131k ve d\u0131\u015fk\u0131 ka\u00e7\u0131rma tan\u0131 ve tedavi<\/strong> <strong>y\u00f6ntemleri<\/strong><\/span><\/p><ul><li><a href=\"https:\/\/karincaoglu.com.tr\/?page_id=139\">Anorektal manometri (Y\u00fcksek \u00e7\u00f6z\u00fcn\u00fcrl\u00fckl\u00fc)<\/a><\/li><li><a href=\"https:\/\/karincaoglu.com.tr\/?page_id=139\">Rektal duyarl\u0131l\u0131k \u00f6l\u00e7\u00fcm\u00fc<\/a><\/li><li><a href=\"https:\/\/karincaoglu.com.tr\/?page_id=246\">Balon at\u0131m testi<\/a><\/li><li><a href=\"https:\/\/karincaoglu.com.tr\/?page_id=147\">Kolonik transit zaman\u0131 \u00f6l\u00e7\u00fcm\u00fc<\/a><\/li><li><a href=\"https:\/\/karincaoglu.com.tr\/?page_id=241\">Anorektal biofeedback tedavisi<\/a><\/li><li><a href=\"https:\/\/karincaoglu.com.tr\/?page_id=139\">Rektal yeniden duyarl\u0131la\u015ft\u0131rma tedavisi<\/a><\/li><\/ul>\t\t\t\t\t\t\t\t<\/div>\n\t\t\t\t<div class=\"elementor-element elementor-element-76cc52b elementor-widget elementor-widget-text-editor\" data-id=\"76cc52b\" data-element_type=\"widget\" data-e-type=\"widget\" data-widget_type=\"text-editor.default\">\n\t\t\t\t\t\t\t\t\t<p><a href=\"https:\/\/karincaoglu.com.tr\/?page_id=85\"><span style=\"color: #ff0000;\"><strong>Yemek borusu hastal\u0131klar\u0131 tan\u0131 y\u00f6ntemleri (refl\u00fc yutma, g\u00fc\u00e7l\u00fc\u011f\u00fc)<\/strong><\/span><\/a><\/p><ul><li><a href=\"https:\/\/karincaoglu.com.tr\/?page_id=85\">\u00d6zofagus manometri\u00a0 (Y\u00fcksek \u00e7\u00f6z\u00fcn\u00fcrl\u00fckl\u00fc)<\/a><\/li><li><a href=\"_wp_link_placeholder\">24 saatlik \u00f6zofageal\u00a0 pH ve impedans<\/a><\/li><\/ul>\t\t\t\t\t\t\t\t<\/div>\n\t\t\t\t<div class=\"elementor-element elementor-element-842c5b0 elementor-widget elementor-widget-spacer\" data-id=\"842c5b0\" data-element_type=\"widget\" data-e-type=\"widget\" data-widget_type=\"spacer.default\">\n\t\t\t\t\t\t\t<div class=\"elementor-spacer\">\n\t\t\t<div class=\"elementor-spacer-inner\"><\/div>\n\t\t<\/div>\n\t\t\t\t\t\t<\/div>\n\t\t\t\t<\/div>\n\t\t<div class=\"elementor-element elementor-element-17facf7 e-con-full e-flex e-con e-parent\" data-id=\"17facf7\" data-element_type=\"container\" data-e-type=\"container\">\n\t\t\t\t<div class=\"elementor-element elementor-element-c45c4b8 elementor-widget elementor-widget-google_maps\" data-id=\"c45c4b8\" data-element_type=\"widget\" data-e-type=\"widget\" data-widget_type=\"google_maps.default\">\n\t\t\t\t\t\t\t<div class=\"elementor-custom-embed\">\n\t\t\t<iframe loading=\"lazy\"\n\t\t\t\t\tsrc=\"https:\/\/maps.google.com\/maps?q=Adres%3A%20%C3%87%C4%B1nar%2C%205003%2F2.%20Sk.%20No%3A8c%2C%2035090%20Bornova%2F%C4%B0zmir&#038;t=m&#038;z=14&#038;output=embed&#038;iwloc=near\"\n\t\t\t\t\ttitle=\"Adres: \u00c7\u0131nar, 5003\/2. Sk. No:8c, 35090 Bornova\/\u0130zmir\"\n\t\t\t\t\taria-label=\"Adres: \u00c7\u0131nar, 5003\/2. Sk. No:8c, 35090 Bornova\/\u0130zmir\"\n\t\t\t><\/iframe>\n\t\t<\/div>\n\t\t\t\t\t\t<\/div>\n\t\t\t\t<\/div>\n\t\t<div class=\"elementor-element elementor-element-48657e8 e-flex e-con-boxed e-con e-parent\" data-id=\"48657e8\" data-element_type=\"container\" data-e-type=\"container\">\n\t\t\t\t\t<div class=\"e-con-inner\">\n\t\t<div class=\"elementor-element elementor-element-64d7020 e-con-full e-flex e-con e-child\" data-id=\"64d7020\" data-element_type=\"container\" data-e-type=\"container\">\n\t\t\t\t<div class=\"elementor-element elementor-element-257a689 elementor-widget__width-initial elementor-widget elementor-widget-image\" data-id=\"257a689\" data-element_type=\"widget\" data-e-type=\"widget\" data-widget_type=\"image.default\">\n\t\t\t\t\t\t\t\t\t\t\t\t\t\t\t<img decoding=\"async\" src=\"https:\/\/karincaoglu.com.tr\/wp-content\/uploads\/elementor\/thumbs\/telephone_16069560-rfzy5kisoclr7na4z90gzvc1h3q3j44h7g9uyv96yc.webp\" title=\"telephone_16069560\" alt=\"telephone_16069560\" loading=\"lazy\" \/>\t\t\t\t\t\t\t\t\t\t\t\t\t\t\t<\/div>\n\t\t\t\t<\/div>\n\t\t<div class=\"elementor-element elementor-element-a2483d1 e-con-full e-flex e-con e-child\" data-id=\"a2483d1\" data-element_type=\"container\" data-e-type=\"container\">\n\t\t\t\t<div class=\"elementor-element elementor-element-b5eb5aa elementor-widget elementor-widget-text-editor\" data-id=\"b5eb5aa\" data-element_type=\"widget\" data-e-type=\"widget\" data-widget_type=\"text-editor.default\">\n\t\t\t\t\t\t\t\t\t<p>Telefon:\u00a0 \u00a0<\/p><p>\u00a0 \u00a0+90 232 999 20 50<\/p><p>\u00a0 \u00a0+90 543 141 43 66<\/p><p>Whatsapp:<\/p><p>\u00a0 \u00a0+90 543 141 43 66<\/p>\t\t\t\t\t\t\t\t<\/div>\n\t\t\t\t<\/div>\n\t\t\t\t\t<\/div>\n\t\t\t\t<\/div>\n\t\t<div class=\"elementor-element elementor-element-c816afb e-flex e-con-boxed e-con e-parent\" data-id=\"c816afb\" data-element_type=\"container\" data-e-type=\"container\">\n\t\t\t\t\t<div class=\"e-con-inner\">\n\t\t<div class=\"elementor-element elementor-element-8569631 e-con-full e-flex e-con e-child\" data-id=\"8569631\" data-element_type=\"container\" data-e-type=\"container\">\n\t\t\t\t<div class=\"elementor-element elementor-element-2d8d440 elementor-widget elementor-widget-text-editor\" data-id=\"2d8d440\" data-element_type=\"widget\" data-e-type=\"widget\" data-widget_type=\"text-editor.default\">\n\t\t\t\t\t\t\t\t\t<p style=\"text-align: center;\"><span style=\"color: #008c8c;\"><a style=\"color: #008c8c;\" href=\"https:\/\/karincaoglu.com.tr\/?page_id=360\">FOTO\u011eRAFLAR<\/a><\/span><\/p>\t\t\t\t\t\t\t\t<\/div>\n\t\t\t\t<\/div>\n\t\t<div class=\"elementor-element elementor-element-83d47f9 e-con-full e-flex e-con e-child\" data-id=\"83d47f9\" data-element_type=\"container\" data-e-type=\"container\">\n\t\t\t\t<div class=\"elementor-element elementor-element-516638d elementor-widget elementor-widget-text-editor\" data-id=\"516638d\" data-element_type=\"widget\" data-e-type=\"widget\" data-widget_type=\"text-editor.default\">\n\t\t\t\t\t\t\t\t\t<p style=\"text-align: center;\"><span style=\"color: #993300;\"><a style=\"color: #993300;\" href=\"https:\/\/www.instagram.com\/melihkarincaoglu\/\">INSTAGRAM<\/a><\/span><\/p>\t\t\t\t\t\t\t\t<\/div>\n\t\t\t\t<\/div>\n\t\t<div class=\"elementor-element elementor-element-f5257de e-con-full e-flex e-con e-child\" data-id=\"f5257de\" data-element_type=\"container\" data-e-type=\"container\">\n\t\t\t\t<div class=\"elementor-element elementor-element-c24ad07 elementor-widget elementor-widget-text-editor\" data-id=\"c24ad07\" data-element_type=\"widget\" data-e-type=\"widget\" data-widget_type=\"text-editor.default\">\n\t\t\t\t\t\t\t\t\t<p style=\"text-align: center;\"><span style=\"color: #ff0000;\"><a style=\"color: #ff0000;\" href=\"https:\/\/www.youtube.com\/@MelihKar%C4%B1ncao%C4%9Flu\/shorts\">V\u0130DEOLAR<\/a><\/span><\/p>\t\t\t\t\t\t\t\t<\/div>\n\t\t\t\t<\/div>\n\t\t<div class=\"elementor-element elementor-element-1cce6ed e-con-full e-flex e-con e-child\" data-id=\"1cce6ed\" data-element_type=\"container\" data-e-type=\"container\">\n\t\t\t\t<\/div>\n\t\t\t\t\t<\/div>\n\t\t\t\t<\/div>\n\t\t\t\t<\/div>\n\t\t","protected":false},"excerpt":{"rendered":"<p>Prof. Dr. Melih Kar\u0131ncao\u011flu Endoskopik tan\u0131 y\u00f6ntemleri \u00dcst Sindirim Sistemi Endoskopisi Kolonoskopi -rektoskopi Kroma endoskopi Video-kaps\u00fcl endoskopi Endoskopik Tedavi y\u00f6ntemleri Polipektomi Endoskopik mukozal rezeksiyon (EMR) Endoskopik submukozal diseksiyon (ESD) \u00d6zofagus band ligasyonu Hemoroid band ligasyonu Perkutan endoskopik gastrostomi (PEG) Perkutan endoskopik jejunostomi (PEJ) Kab\u0131zl\u0131k ve d\u0131\u015fk\u0131 ka\u00e7\u0131rma tan\u0131 ve tedavi y\u00f6ntemleri Anorektal manometri (Y\u00fcksek \u00e7\u00f6z\u00fcn\u00fcrl\u00fckl\u00fc) [&hellip;]<\/p>\n","protected":false},"author":1,"featured_media":0,"parent":0,"menu_order":0,"comment_status":"closed","ping_status":"closed","template":"page-no-title","meta":{"footnotes":""},"class_list":["post-7","page","type-page","status-publish","hentry"],"_links":{"self":[{"href":"https:\/\/karincaoglu.com.tr\/index.php?rest_route=\/wp\/v2\/pages\/7","targetHints":{"allow":["GET"]}}],"collection":[{"href":"https:\/\/karincaoglu.com.tr\/index.php?rest_route=\/wp\/v2\/pages"}],"about":[{"href":"https:\/\/karincaoglu.com.tr\/index.php?rest_route=\/wp\/v2\/types\/page"}],"author":[{"embeddable":true,"href":"https:\/\/karincaoglu.com.tr\/index.php?rest_route=\/wp\/v2\/users\/1"}],"replies":[{"embeddable":true,"href":"https:\/\/karincaoglu.com.tr\/index.php?rest_route=%2Fwp%2Fv2%2Fcomments&post=7"}],"version-history":[{"count":136,"href":"https:\/\/karincaoglu.com.tr\/index.php?rest_route=\/wp\/v2\/pages\/7\/revisions"}],"predecessor-version":[{"id":392,"href":"https:\/\/karincaoglu.com.tr\/index.php?rest_route=\/wp\/v2\/pages\/7\/revisions\/392"}],"wp:attachment":[{"href":"https:\/\/karincaoglu.com.tr\/index.php?rest_route=%2Fwp%2Fv2%2Fmedia&parent=7"}],"curies":[{"name":"wp","href":"https:\/\/api.w.org\/{rel}","templated":true}]}}