{"id":44,"date":"2025-12-11T12:01:59","date_gmt":"2025-12-11T09:01:59","guid":{"rendered":"https:\/\/karincaoglu.com.tr\/?page_id=44"},"modified":"2025-12-11T14:41:31","modified_gmt":"2025-12-11T11:41:31","slug":"bant","status":"publish","type":"page","link":"https:\/\/karincaoglu.com.tr\/?page_id=44","title":{"rendered":"Endoskopik Bant Ligasyonu"},"content":{"rendered":"\t\t<div data-elementor-type=\"wp-post\" data-elementor-id=\"44\" class=\"elementor elementor-44\">\n\t\t\t\t<div class=\"elementor-element elementor-element-78d958e e-flex e-con-boxed e-con e-parent\" data-id=\"78d958e\" data-element_type=\"container\" data-e-type=\"container\">\n\t\t\t\t\t<div class=\"e-con-inner\">\n\t\t\t\t<div class=\"elementor-element elementor-element-ee4b153 elementor-widget elementor-widget-text-editor\" data-id=\"ee4b153\" data-element_type=\"widget\" data-e-type=\"widget\" data-widget_type=\"text-editor.default\">\n\t\t\t\t\t\t\t\t\t<p><strong>Yemek Borusu Varislerinde Etkili ve G\u00fcvenli Tedavi: Endoskopik Bant Ligasyonu<\/strong><\/p><p><strong>Endoskopik Bant Ligasyonu (EBL)<\/strong>, yemek borusunda (\u00f6zofagusta) geli\u015fen varislerin (geni\u015flemi\u015f toplardamarlar) kanamas\u0131n\u0131 \u00f6nlemek veya kanamay\u0131 durdurmak amac\u0131yla uygulanan, etkili ve g\u00fcvenli bir endoskopik tedavi y\u00f6ntemidir. Genellikle\u00a0<strong>siroz<\/strong>\u00a0gibi karaci\u011fer hastal\u0131klar\u0131na ba\u011fl\u0131 geli\u015fen portal hipertansiyon durumlar\u0131nda g\u00f6r\u00fcl\u00fcr.<\/p><p>Bu i\u015flem sayesinde hayat\u0131 tehdit edebilecek d\u00fczeydeki kanamalar \u00f6nlenebilir, hatta aktif kanama an\u0131nda uygulanarak\u00a0<strong>hayat kurtar\u0131c\u0131<\/strong>\u00a0olabilir. Ayn\u0131 zamanda hastan\u0131n ya\u015fam kalitesini art\u0131r\u0131r ve ileriye d\u00f6n\u00fck kanama riskini azalt\u0131r.<\/p><p><strong>\u00a0Hangi Durumlarda Uygulan\u0131r?<\/strong><\/p><ul><li><strong>Aktif varis kanamas\u0131<\/strong>\u00a0s\u0131ras\u0131nda uygulanarak\u00a0<strong>kanamay\u0131 durdurabilir ve hayat kurtar\u0131c\u0131 olabilir.<\/strong><\/li><li>\u00d6zofagus varislerinden\u00a0<strong>kanama ge\u00e7irmi\u015f<\/strong>\u00a0hastalarda tekrar kanamay\u0131 \u00f6nlemek amac\u0131yla<\/li><li>Endoskopide\u00a0<strong>orta veya b\u00fcy\u00fck \u00e7aptaki varislerin<\/strong>\u00a0tespit edilmesi durumunda<\/li><li>Siroz gibi kronik karaci\u011fer hastal\u0131\u011f\u0131 olan,\u00a0<strong>kanama riski y\u00fcksek<\/strong>\u00a0hastalarda \u00f6nleyici (profilaktik) ama\u00e7la<\/li><\/ul><p><strong>\u00a0\u0130\u015flem Nas\u0131l Uygulan\u0131r?<\/strong><\/p><ul><li>\u0130\u015flem,\u00a0<strong>endoskopi \u00fcnitesinde<\/strong>\u00a0ve genellikle hafif sedasyon alt\u0131nda ger\u00e7ekle\u015ftirilir.<\/li><li>A\u011f\u0131zdan yerle\u015ftirilen bir endoskop yard\u0131m\u0131yla yemek borusu incelenir.<\/li><li>Varislerin \u00fczerine \u00f6zel lastik bantlar yerle\u015ftirilerek, damarlar\u0131n\u00a0<strong>b\u00fcz\u00fc\u015f\u00fcp zamanla s\u00f6nmesi ve kanama riskinin ortadan kalkmas\u0131<\/strong>\u00a0sa\u011flan\u0131r.<\/li><li>\u0130\u015flem yakla\u015f\u0131k\u00a0<strong>10\u201320 dakika<\/strong>\u00a0s\u00fcrer ve genellikle\u00a0<strong>a\u011fr\u0131s\u0131zd\u0131r<\/strong>.<\/li><\/ul><p><strong>\u00a0\u0130\u015flem \u00d6ncesi Haz\u0131rl\u0131k<\/strong><\/p><ul><li>\u0130\u015flem \u00f6ncesi gece yar\u0131s\u0131ndan itibaren\u00a0<strong>a\u00e7 kal\u0131nmas\u0131<\/strong>\u00a0(en az 6-8 saat) gerekir.<\/li><li>Kan suland\u0131r\u0131c\u0131 ila\u00e7 kullan\u0131yorsan\u0131z, i\u015flem \u00f6ncesi hekiminizle payla\u015fman\u0131z \u00f6nemlidir.<\/li><li>Gerekirse, i\u015flem \u00f6ncesi baz\u0131 kan testleri ve g\u00f6r\u00fcnt\u00fclemeler yap\u0131labilir.<\/li><\/ul><p><strong>\u00a0\u0130\u015flem Sonras\u0131 Takip ve Dikkat Edilmesi Gerekenler<\/strong><\/p><ul><li>\u0130\u015flem sonras\u0131 1-2 saatlik izlem sonras\u0131 taburcu olunabilir.<\/li><li>\u0130lk birka\u00e7 g\u00fcn\u00a0<strong>bo\u011fazda hafif a\u011fr\u0131<\/strong>,\u00a0<strong>yutma g\u00fc\u00e7l\u00fc\u011f\u00fc<\/strong>\u00a0veya\u00a0<strong>mide rahats\u0131zl\u0131\u011f\u0131<\/strong>\u00a0hissedilebilir.<\/li><li>Genellikle 2-4 haftada bir, birka\u00e7 seans halinde tekrarlanmas\u0131 gerekebilir.<\/li><li>Tedavi tamamland\u0131ktan sonra d\u00fczenli\u00a0<strong>endoskopik kontroller<\/strong>\u00a0\u00f6nerilir.<\/li><\/ul>\t\t\t\t\t\t\t\t<\/div>\n\t\t\t\t\t<\/div>\n\t\t\t\t<\/div>\n\t\t\t\t<\/div>\n\t\t","protected":false},"excerpt":{"rendered":"<p>Yemek Borusu Varislerinde Etkili ve G\u00fcvenli Tedavi: Endoskopik Bant Ligasyonu Endoskopik Bant Ligasyonu (EBL), yemek borusunda (\u00f6zofagusta) geli\u015fen varislerin (geni\u015flemi\u015f toplardamarlar) kanamas\u0131n\u0131 \u00f6nlemek veya kanamay\u0131 durdurmak amac\u0131yla uygulanan, etkili ve g\u00fcvenli bir endoskopik tedavi y\u00f6ntemidir. Genellikle\u00a0siroz\u00a0gibi karaci\u011fer hastal\u0131klar\u0131na ba\u011fl\u0131 geli\u015fen portal hipertansiyon durumlar\u0131nda g\u00f6r\u00fcl\u00fcr. Bu i\u015flem sayesinde hayat\u0131 tehdit edebilecek d\u00fczeydeki kanamalar \u00f6nlenebilir, hatta aktif [&hellip;]<\/p>\n","protected":false},"author":1,"featured_media":46,"parent":0,"menu_order":0,"comment_status":"closed","ping_status":"closed","template":"","meta":{"footnotes":""},"class_list":["post-44","page","type-page","status-publish","has-post-thumbnail","hentry"],"_links":{"self":[{"href":"https:\/\/karincaoglu.com.tr\/index.php?rest_route=\/wp\/v2\/pages\/44","targetHints":{"allow":["GET"]}}],"collection":[{"href":"https:\/\/karincaoglu.com.tr\/index.php?rest_route=\/wp\/v2\/pages"}],"about":[{"href":"https:\/\/karincaoglu.com.tr\/index.php?rest_route=\/wp\/v2\/types\/page"}],"author":[{"embeddable":true,"href":"https:\/\/karincaoglu.com.tr\/index.php?rest_route=\/wp\/v2\/users\/1"}],"replies":[{"embeddable":true,"href":"https:\/\/karincaoglu.com.tr\/index.php?rest_route=%2Fwp%2Fv2%2Fcomments&post=44"}],"version-history":[{"count":7,"href":"https:\/\/karincaoglu.com.tr\/index.php?rest_route=\/wp\/v2\/pages\/44\/revisions"}],"predecessor-version":[{"id":104,"href":"https:\/\/karincaoglu.com.tr\/index.php?rest_route=\/wp\/v2\/pages\/44\/revisions\/104"}],"wp:featuredmedia":[{"embeddable":true,"href":"https:\/\/karincaoglu.com.tr\/index.php?rest_route=\/wp\/v2\/media\/46"}],"wp:attachment":[{"href":"https:\/\/karincaoglu.com.tr\/index.php?rest_route=%2Fwp%2Fv2%2Fmedia&parent=44"}],"curies":[{"name":"wp","href":"https:\/\/api.w.org\/{rel}","templated":true}]}}