{"id":241,"date":"2025-12-12T12:00:33","date_gmt":"2025-12-12T09:00:33","guid":{"rendered":"https:\/\/karincaoglu.com.tr\/?page_id=241"},"modified":"2025-12-12T12:01:31","modified_gmt":"2025-12-12T09:01:31","slug":"biofeedbeck","status":"publish","type":"page","link":"https:\/\/karincaoglu.com.tr\/?page_id=241","title":{"rendered":"biofeedbeck"},"content":{"rendered":"\t\t<div data-elementor-type=\"wp-post\" data-elementor-id=\"241\" class=\"elementor elementor-241\">\n\t\t\t\t<div class=\"elementor-element elementor-element-630c58e e-flex e-con-boxed e-con e-parent\" data-id=\"630c58e\" data-element_type=\"container\" data-e-type=\"container\">\n\t\t\t\t\t<div class=\"e-con-inner\">\n\t\t\t\t<div class=\"elementor-element elementor-element-e4fe0e7 elementor-widget elementor-widget-text-editor\" data-id=\"e4fe0e7\" data-element_type=\"widget\" data-e-type=\"widget\" data-widget_type=\"text-editor.default\">\n\t\t\t\t\t\t\t\t\t<h2>ANOREKTAL B\u00d6LGEN\u0130N FONKS\u0130YONEL BOZUKLUKLARINDA EMG BIOFEEDBACK TEDAV\u0130S\u0130 &#8211; HASTA B\u0130LG\u0130LEND\u0130RME BRO\u015e\u00dcR\u00dc<\/h2><h2>EMG- Biofeedback Nedir?<\/h2><p>EMG- Biofeedback, \u00f6zellikle kaslar\u0131n kas\u0131lma ve gev\u015feme aktivitelerini de\u011ferlendirmek ve e\u011fitmek i\u00e7in kullan\u0131lan, elektromiyografi temelli bir biyolojik geri bildirim y\u00f6ntemidir. Bu y\u00f6ntem, ki\u015finin istemli kas kontrol\u00fcn\u00fc geli\u015ftirmesine yard\u0131mc\u0131 olur ve \u00f6zellikle le\u011fen kemi\u011finin i\u00e7 k\u0131sm\u0131n\u0131 \u00f6rten kas ve ba\u011f tabakas\u0131n\u0131n \u00e7al\u0131\u015fma bozukluklar\u0131nda; anismus, kab\u0131zl\u0131k ve d\u0131\u015fk\u0131 ka\u00e7\u0131rma gibi durumlarda kullan\u0131l\u0131r.<\/p><p>\u00a0\u00a0 \u00a0\u00a0\u00a0\u00a0\u00a0\u00a0\u00a0\u00a0\u00a0\u00a0\u00a0\u00a0\u00a0\u00a0\u00a0\u00a0\u00a0\u00a0\u00a0\u00a0\u00a0\u00a0\u00a0\u00a0\u00a0\u00a0\u00a0\u00a0\u00a0\u00a0\u00a0\u00a0<\/p><p>\u00a0\u00a0\u00a0\u00a0\u00a0\u00a0\u00a0\u00a0\u00a0\u00a0\u00a0\u00a0 \u00a0\u00a0\u00a0\u00a0\u00a0\u00a0\u00a0\u00a0\u00a0\u00a0\u00a0\u00a0\u00a0Rektal Prob\u00a0\u00a0\u00a0\u00a0\u00a0\u00a0\u00a0\u00a0\u00a0\u00a0\u00a0\u00a0\u00a0\u00a0\u00a0\u00a0\u00a0\u00a0\u00a0\u00a0\u00a0\u00a0\u00a0\u00a0\u00a0\u00a0\u00a0\u00a0\u00a0\u00a0\u00a0\u00a0\u00a0\u00a0\u00a0\u00a0\u00a0\u00a0\u00a0\u00a0\u00a0\u00a0\u00a0\u00a0\u00a0 \u00a0\u00a0\u00a0\u00a0\u00a0\u00a0\u00a0\u00a0\u00a0\u00a0\u00a0\u00a0\u00a0\u00a0\u00a0\u00a0Y\u00fczeyel Elektrot<\/p><p>\u00a0<\/p><ul><li>Y\u00fczeyel elektrotlar ve\/veya rektum i\u00e7i- vajina i\u00e7i problarla pelvik taban kaslar\u0131n\u0131n elektriksel aktivitesi \u00f6l\u00e7\u00fcl\u00fcr ve bu veriler bir ekran arac\u0131l\u0131\u011f\u0131yla hastaya g\u00f6sterilir. Hasta, bu bilgiyi kullanarak kaslar\u0131n\u0131 daha do\u011fru \u015fekilde kasma veya gev\u015fetme becerisi kazan\u0131r.<\/li><\/ul><p>\u00a0<\/p><h2>EMG- Biofeedback Tedavisi Nas\u0131l Uygulan\u0131r?<\/h2><ol><li>Tedaviye ba\u015flamadan \u00f6nce hastaya uygulama hakk\u0131nda bilgilendirme yap\u0131l\u0131r.<\/li><li>Hasta dizler b\u00fck\u00fcl\u00fc olarak le\u011fen kemi\u011fi d\u00fcz bir pozisyonda iken s\u0131rt\u00fcst\u00fc pozisyonda yat\u0131r\u0131l\u0131r ve \u00fczeri \u00e7ar\u015faf ile \u00f6rt\u00fcl\u00fcr.<\/li><li>Y\u00fczeyel elektrotlar ve rektal prob yerle\u015ftirilir.<\/li><li>Kaslar\u0131n hareketi cihaz taraf\u0131ndan alg\u0131lan\u0131r ve ekrana yans\u0131t\u0131l\u0131r.<\/li><li>Hastadan ekran\u0131 ve geribildirimleri takip ederek fizyoterapistin komutlar\u0131na uymas\u0131 istenir.<\/li><li>Hastaya \u00f6zel planlanan tedavi program\u0131na g\u00f6re hastadan pelvik taban kaslar\u0131n\u0131 kasmas\u0131 veya gev\u015fetmesi istenir.<\/li><li>Fizyoterapist, &#8216;s\u0131k&#8217;, &#8216;tut&#8217;, &#8216;gev\u015fe&#8217;,\u2019\u0131k\u0131n\u2019 gibi y\u00f6nlendirmelerle kaslar\u0131n do\u011fru \u00e7al\u0131\u015fmas\u0131n\u0131 \u00f6\u011fretir.<\/li><li>Hasta, tedavi boyunca kendi kaslar\u0131n\u0131n \u00e7al\u0131\u015fmas\u0131n\u0131 cihazdan g\u00f6rerek pelvik taban kaslar\u0131n\u0131 nas\u0131l \u00e7al\u0131\u015ft\u0131raca\u011f\u0131n\u0131 \u00f6\u011frenir<\/li><\/ol><p>\u00a0<\/p><p>\u00a0<\/p><p><strong>\u00a0<\/strong><\/p><p><strong>\u00a0<\/strong><\/p><p>\u015eekilde kab\u0131zl\u0131k yak\u0131nmalar\u0131 bulunan bir hastada tedavi \u00f6ncesi ve sonras\u0131 \u00f6l\u00e7\u00fcmler g\u00f6r\u00fclmektedir. Hastam\u0131z d\u0131\u015fk\u0131lama s\u0131ras\u0131nda makat kaslar\u0131n\u0131 kasma \u015feklindeki yanl\u0131\u015f \u0131k\u0131nmay\u0131 sona erdirip gev\u015fetmeyi ba\u015far\u0131yla yapabilmektedir.<\/p><p><strong>\u00a0<\/strong><\/p><p><strong>\u00a0<\/strong><\/p><p><strong>EMG- Biofeedback Tedavisi Protokol\u00fc<\/strong><\/p><p>&#8211; Seanslar genellikle haftada 1 ya da 2 olacak \u015fekilde planlan\u0131r.<\/p><p>&#8211; Toplam 6 haftal\u0131k planlama yap\u0131l\u0131r. S\u00fcre hastaya g\u00f6re uzat\u0131labilmektedir.<\/p><p>&#8211; Her seans 30-45 dk s\u00fcrmektedir.<\/p><h1>Evde EMG- Biofeedback Tedavisi<\/h1><ul><li>Uygun olan hastaya birebir uzman kontrol\u00fcnde tedaviye uyum kazand\u0131ktan sonra ev tipi biofeedback cihaz\u0131 \u00f6nerilir.<\/li><li>Ev tipi biofeedback tedavi uygulamalar\u0131 haftada 5 g\u00fcn, g\u00fcnde 2 kere, 20\u2019\u015fer dakika olacak \u015fekilde planlan\u0131r.<\/li><\/ul><p>\u00a0<\/p><h1>! Dikkat Edilmesi Gerekenler !<\/h1><ul><li>Uygulama yap\u0131lacak b\u00f6lge kuru ve t\u0131ra\u015flanm\u0131\u015f olmal\u0131d\u0131r.<\/li><li>Tedavi \u00f6ncesinde hastalara lavman yapmalar\u0131 \u00f6nerilir.<\/li><li>Menstr\u00fcal siklus (adet) d\u00f6nemlerinde fizyoterapiste haber verilerek tedavi ertelenmelidir.<\/li><li>Seansa gelirken bol ve rahat k\u0131yafetler tercih edilmelidir.<\/li><li>Hastalar sadece tedavi s\u0131ras\u0131nda de\u011fil g\u00fcnl\u00fck ya\u015famlar\u0131nda da kar\u0131nlar\u0131n\u0131 i\u00e7eri \u00e7ekmekten ve kar\u0131n i\u00e7i bas\u0131nc\u0131 artt\u0131ran egzersizlerden ka\u00e7\u0131nmal\u0131d\u0131rlar.<\/li><\/ul><h1>EMG- Biofeedback Tedavisinin Avantajlar\u0131<\/h1><ul><li>Tamamen a\u011fr\u0131s\u0131z ve g\u00fcvenlidir.<\/li><li>Hi\u00e7bir yan etki olu\u015fturmamaktad\u0131r.<\/li><li>Giri\u015fimsel olmayan bir tedavidir.<\/li><li>Kas fark\u0131ndal\u0131\u011f\u0131n\u0131 artt\u0131r\u0131r.<\/li><li>Kaslar\u0131n \u00e7al\u0131\u015fmas\u0131 objektif ve rakamsal olarak \u00f6l\u00e7\u00fcl\u00fcr<\/li><li>Komutlara uyabilen ve ileti\u015fim kurabilen her ya\u015f grubuna uygundur<\/li><li>Evde kullan\u0131labilen cihaz se\u00e7enekleri vard\u0131r (uzman kontrol\u00fcnde)<\/li><\/ul><h1>EMG- Biofeedback Tedavisinin Etkinli\u011fi<\/h1><ul><li>Kab\u0131zl\u0131k: %70\u201380 ba\u015far\u0131 oran\u0131 g\u00f6r\u00fclmektedir. Baz\u0131 hastalarda zaman i\u00e7erisinde etkinli\u011fi azalabilir, bu durumda hat\u0131rlat\u0131c\u0131 seanslar veya ev tipi cihazlar ile yard\u0131mc\u0131 olunmaktad\u0131r<\/li><\/ul><p>D\u0131\u015fk\u0131 ka\u00e7\u0131rma: Altta yatan nedeni ve makat kaslar\u0131n\u0131n kalan g\u00fcc\u00fcne ba\u011fl\u0131 olmak \u00fczere yak\u0131nmalarda belirgin azalma g\u00f6r\u00fclmekte<\/p>\t\t\t\t\t\t\t\t<\/div>\n\t\t\t\t\t<\/div>\n\t\t\t\t<\/div>\n\t\t\t\t<\/div>\n\t\t","protected":false},"excerpt":{"rendered":"<p>ANOREKTAL B\u00d6LGEN\u0130N FONKS\u0130YONEL BOZUKLUKLARINDA EMG BIOFEEDBACK TEDAV\u0130S\u0130 &#8211; HASTA B\u0130LG\u0130LEND\u0130RME BRO\u015e\u00dcR\u00dc EMG- Biofeedback Nedir? EMG- Biofeedback, \u00f6zellikle kaslar\u0131n kas\u0131lma ve gev\u015feme aktivitelerini de\u011ferlendirmek ve e\u011fitmek i\u00e7in kullan\u0131lan, elektromiyografi temelli bir biyolojik geri bildirim y\u00f6ntemidir. Bu y\u00f6ntem, ki\u015finin istemli kas kontrol\u00fcn\u00fc geli\u015ftirmesine yard\u0131mc\u0131 olur ve \u00f6zellikle le\u011fen kemi\u011finin i\u00e7 k\u0131sm\u0131n\u0131 \u00f6rten kas ve ba\u011f tabakas\u0131n\u0131n \u00e7al\u0131\u015fma [&hellip;]<\/p>\n","protected":false},"author":1,"featured_media":0,"parent":0,"menu_order":0,"comment_status":"closed","ping_status":"closed","template":"","meta":{"footnotes":""},"class_list":["post-241","page","type-page","status-publish","hentry"],"_links":{"self":[{"href":"https:\/\/karincaoglu.com.tr\/index.php?rest_route=\/wp\/v2\/pages\/241","targetHints":{"allow":["GET"]}}],"collection":[{"href":"https:\/\/karincaoglu.com.tr\/index.php?rest_route=\/wp\/v2\/pages"}],"about":[{"href":"https:\/\/karincaoglu.com.tr\/index.php?rest_route=\/wp\/v2\/types\/page"}],"author":[{"embeddable":true,"href":"https:\/\/karincaoglu.com.tr\/index.php?rest_route=\/wp\/v2\/users\/1"}],"replies":[{"embeddable":true,"href":"https:\/\/karincaoglu.com.tr\/index.php?rest_route=%2Fwp%2Fv2%2Fcomments&post=241"}],"version-history":[{"count":4,"href":"https:\/\/karincaoglu.com.tr\/index.php?rest_route=\/wp\/v2\/pages\/241\/revisions"}],"predecessor-version":[{"id":245,"href":"https:\/\/karincaoglu.com.tr\/index.php?rest_route=\/wp\/v2\/pages\/241\/revisions\/245"}],"wp:attachment":[{"href":"https:\/\/karincaoglu.com.tr\/index.php?rest_route=%2Fwp%2Fv2%2Fmedia&parent=241"}],"curies":[{"name":"wp","href":"https:\/\/api.w.org\/{rel}","templated":true}]}}