{"id":147,"date":"2025-12-11T15:56:37","date_gmt":"2025-12-11T12:56:37","guid":{"rendered":"https:\/\/karincaoglu.com.tr\/?page_id=147"},"modified":"2025-12-11T15:57:21","modified_gmt":"2025-12-11T12:57:21","slug":"kolon-transit","status":"publish","type":"page","link":"https:\/\/karincaoglu.com.tr\/?page_id=147","title":{"rendered":"kolon transit"},"content":{"rendered":"\t\t<div data-elementor-type=\"wp-post\" data-elementor-id=\"147\" class=\"elementor elementor-147\">\n\t\t\t\t<div class=\"elementor-element elementor-element-d85ea33 e-flex e-con-boxed e-con e-parent\" data-id=\"d85ea33\" data-element_type=\"container\" data-e-type=\"container\">\n\t\t\t\t\t<div class=\"e-con-inner\">\n\t\t\t\t<div class=\"elementor-element elementor-element-cb62ebd elementor-widget elementor-widget-text-editor\" data-id=\"cb62ebd\" data-element_type=\"widget\" data-e-type=\"widget\" data-widget_type=\"text-editor.default\">\n\t\t\t\t\t\t\t\t\t<p><strong>Kolon transit zaman\u0131 (Ba\u011f\u0131rsak \u00a0ge\u00e7i\u015f zaman\u0131) \u00f6l\u00e7\u00fcm\u00fc<\/strong><\/p><p>M\u00fczmin kab\u0131zl\u0131\u011f\u0131n de\u011fi\u015fik alt gruplar\u0131 vard\u0131r. Bunlardan bir tanesi ba\u011f\u0131rsaklar\u0131n yava\u015f \u00e7al\u0131\u015ft\u0131\u011f\u0131 alt tip olup tedavisi di\u011ferlerinden farkl\u0131d\u0131r. Kolon transit zaman\u0131, \u00f6zellikle bu grup kab\u0131zl\u0131k problemi olan hastalarda d\u0131\u015fk\u0131n\u0131n ba\u011f\u0131rsaklardaki ilerleme s\u00fcresini de\u011ferlendirir.<\/p><p>\u0130\u015flem i\u00e7in i\u00e7inde radyoopak mark\u0131rlar\u0131n bulundu\u011fu toplam yedi kaps\u00fclden olu\u015fan malzeme kullan\u0131l\u0131r. Kaps\u00fcller kullan\u0131lmadan \u00fc\u00e7 g\u00fcn \u00f6nce kab\u0131zl\u0131k i\u00e7in kullan\u0131lan ila\u00e7lar, ki\u015finin kab\u0131zl\u0131\u011f\u0131na iyi geldi\u011fini d\u00fc\u015f\u00fcnd\u00fc\u011f\u00fc g\u0131da ve bitki \u00e7aylar\u0131 kesilmelidir. Kad\u0131n hastalar mensturasyon d\u00f6nemlerinde olmamal\u0131d\u0131r.<\/p><p>\u0130lk be\u015f g\u00fcn kaps\u00fcller tercihen kahvalt\u0131 sonras\u0131 herg\u00fcn bir tane ayn\u0131 saatte (\u00f6rne\u011fin saat 09.00) kullan\u0131l\u0131r. Alt\u0131nc\u0131 g\u00fcn 6:1 numaral\u0131 kaps\u00fcl sabah kahvalt\u0131s\u0131ndan sonra ( \u00f6rne\u011fin 09.00 ) ve 6:2 numaral\u0131 kaps\u00fcl 12 saat sonra ak\u015fam yame\u011fi sonras\u0131 ( \u00f6rne\u011fin 21.00 ) kullan\u0131l\u0131r.<\/p><p>Yedinci g\u00fcnde tercihen kaps\u00fcl kullan\u0131lan saatte veya en ge\u00e7 iki saat i\u00e7inde (\u00f6rne\u011fin 09.00 \u2013 11.00 aras\u0131nda) radyoloji biriminde ayakta direkt kar\u0131n grafisi \u00e7ekilir.<\/p><p>Grafilerde a\u015fa\u011f\u0131daki \u00fc\u00e7 g\u00f6r\u00fcnt\u00fcden birisi izlenir ve hekiminiz bu grafi sonucuna g\u00f6re tedavinizi planlar.<\/p><p>\u00a0<\/p><p>\u00a0 \u00a0\u00a0\u00a0\u00a0\u00a0\u00a0\u00a0\u00a0\u00a0\u00a0\u00a0\u00a0\u00a0 \u00a0\u00a0\u00a0\u00a0\u00a0\u00a0\u00a0\u00a0\u00a0\u00a0\u00a0\u00a0\u00a0\u00a0\u00a0\u00a0\u00a0\u00a0\u00a0\u00a0\u00a0Normal\u00a0\u00a0\u00a0\u00a0\u00a0\u00a0\u00a0\u00a0\u00a0\u00a0\u00a0\u00a0\u00a0\u00a0\u00a0\u00a0\u00a0\u00a0\u00a0\u00a0\u00a0\u00a0\u00a0\u00a0\u00a0\u00a0 \u00a0 yava\u015f ge\u00e7i\u015fli kab\u0131zl\u0131k\u00a0\u00a0\u00a0\u00a0 \u00a0\u00a0\u00a0\u00a0\u00a0\u00a0\u00a0 disinerjik defekasyon<\/p>\t\t\t\t\t\t\t\t<\/div>\n\t\t\t\t\t<\/div>\n\t\t\t\t<\/div>\n\t\t\t\t<\/div>\n\t\t","protected":false},"excerpt":{"rendered":"<p>Kolon transit zaman\u0131 (Ba\u011f\u0131rsak \u00a0ge\u00e7i\u015f zaman\u0131) \u00f6l\u00e7\u00fcm\u00fc M\u00fczmin kab\u0131zl\u0131\u011f\u0131n de\u011fi\u015fik alt gruplar\u0131 vard\u0131r. Bunlardan bir tanesi ba\u011f\u0131rsaklar\u0131n yava\u015f \u00e7al\u0131\u015ft\u0131\u011f\u0131 alt tip olup tedavisi di\u011ferlerinden farkl\u0131d\u0131r. Kolon transit zaman\u0131, \u00f6zellikle bu grup kab\u0131zl\u0131k problemi olan hastalarda d\u0131\u015fk\u0131n\u0131n ba\u011f\u0131rsaklardaki ilerleme s\u00fcresini de\u011ferlendirir. \u0130\u015flem i\u00e7in i\u00e7inde radyoopak mark\u0131rlar\u0131n bulundu\u011fu toplam yedi kaps\u00fclden olu\u015fan malzeme kullan\u0131l\u0131r. Kaps\u00fcller kullan\u0131lmadan \u00fc\u00e7 [&hellip;]<\/p>\n","protected":false},"author":1,"featured_media":0,"parent":0,"menu_order":0,"comment_status":"closed","ping_status":"closed","template":"","meta":{"footnotes":""},"class_list":["post-147","page","type-page","status-publish","hentry"],"_links":{"self":[{"href":"https:\/\/karincaoglu.com.tr\/index.php?rest_route=\/wp\/v2\/pages\/147","targetHints":{"allow":["GET"]}}],"collection":[{"href":"https:\/\/karincaoglu.com.tr\/index.php?rest_route=\/wp\/v2\/pages"}],"about":[{"href":"https:\/\/karincaoglu.com.tr\/index.php?rest_route=\/wp\/v2\/types\/page"}],"author":[{"embeddable":true,"href":"https:\/\/karincaoglu.com.tr\/index.php?rest_route=\/wp\/v2\/users\/1"}],"replies":[{"embeddable":true,"href":"https:\/\/karincaoglu.com.tr\/index.php?rest_route=%2Fwp%2Fv2%2Fcomments&post=147"}],"version-history":[{"count":4,"href":"https:\/\/karincaoglu.com.tr\/index.php?rest_route=\/wp\/v2\/pages\/147\/revisions"}],"predecessor-version":[{"id":151,"href":"https:\/\/karincaoglu.com.tr\/index.php?rest_route=\/wp\/v2\/pages\/147\/revisions\/151"}],"wp:attachment":[{"href":"https:\/\/karincaoglu.com.tr\/index.php?rest_route=%2Fwp%2Fv2%2Fmedia&parent=147"}],"curies":[{"name":"wp","href":"https:\/\/api.w.org\/{rel}","templated":true}]}}