{"id":139,"date":"2025-12-11T15:53:44","date_gmt":"2025-12-11T12:53:44","guid":{"rendered":"https:\/\/karincaoglu.com.tr\/?page_id=139"},"modified":"2025-12-11T15:54:58","modified_gmt":"2025-12-11T12:54:58","slug":"pelvik-taban","status":"publish","type":"page","link":"https:\/\/karincaoglu.com.tr\/?page_id=139","title":{"rendered":"pelvik taban"},"content":{"rendered":"\t\t<div data-elementor-type=\"wp-post\" data-elementor-id=\"139\" class=\"elementor elementor-139\">\n\t\t\t\t<div class=\"elementor-element elementor-element-1793474 e-flex e-con-boxed e-con e-parent\" data-id=\"1793474\" data-element_type=\"container\" data-e-type=\"container\">\n\t\t\t\t\t<div class=\"e-con-inner\">\n\t\t\t\t<div class=\"elementor-element elementor-element-e1c5b10 elementor-widget elementor-widget-text-editor\" data-id=\"e1c5b10\" data-element_type=\"widget\" data-e-type=\"widget\" data-widget_type=\"text-editor.default\">\n\t\t\t\t\t\t\t\t\t<p><strong>Pelvik Taban Sorunlar\u0131nda Do\u011fru Tan\u0131, Etkili Tedavi<\/strong><\/p><p>Pelvik taban hastal\u0131klar\u0131; kab\u0131zl\u0131k, d\u0131\u015fk\u0131 ka\u00e7\u0131rma veya ba\u011f\u0131rsaklar\u0131n tam bo\u015falt\u0131lamamas\u0131 gibi \u015fikayetlere yol a\u00e7abilen, s\u0131k\u00e7a birbirine kar\u0131\u015fan ve tedavisi \u00f6zel yakla\u015f\u0131m gerektiren durumlard\u0131r. Bu nedenle do\u011fru tan\u0131 koymak ve ki\u015fiye \u00f6zel tedavi plan\u0131 olu\u015fturmak b\u00fcy\u00fck \u00f6nem ta\u015f\u0131r.<\/p><p>\u015eimdiye kadar\u00a0<strong>2000\u2019den fazla hastada<\/strong>\u00a0edindi\u011fimiz deneyimle, pelvik taban bozukluklar\u0131n\u0131\u00a0<strong>bilimsel ve kapsaml\u0131 bir y\u00f6ntemle<\/strong>\u00a0de\u011ferlendiriyoruz.<\/p><h3>\ud83e\uddea Kulland\u0131\u011f\u0131m\u0131z Tan\u0131 Y\u00f6ntemleri:<\/h3><ul><li><strong>Anorektal Manometri:<\/strong>Ba\u011f\u0131rsaklar\u0131n kas\u0131lma g\u00fcc\u00fcn\u00fc ve koordinasyonunu \u00f6l\u00e7er.<\/li><li><strong>Balon At\u0131l\u0131m Testi:<\/strong>D\u0131\u015fk\u0131lama ve \u00f6zellikle gaitan\u0131n at\u0131l\u0131m\u0131ndaki koordinasyon bozukluklar\u0131n\u0131 de\u011ferlendirir.<\/li><li><strong>Kolonik Ge\u00e7i\u015f Zaman\u0131:<\/strong>Ba\u011f\u0131rsak hareketlerinin yava\u015f m\u0131 h\u0131zl\u0131 m\u0131 oldu\u011funu g\u00f6sterir.<\/li><li><strong>MR Defekografi \/ BT Kolonografi:<\/strong>G\u00f6r\u00fcnt\u00fcleme y\u00f6ntemleriyle ba\u011f\u0131rsak ve pelvik kaslar\u0131n anatomisini ayr\u0131nt\u0131l\u0131 g\u00f6sterir. Anatomik sorunlar\u0131 (rektosel, a\u015f\u0131r\u0131 uzun veya geni\u015f ba\u011f\u0131rsak gibi) saptar.<\/li><\/ul><p>Bu testler sayesinde kab\u0131zl\u0131k \u015fikayetinin t\u00fcr\u00fcn\u00fc ya da d\u0131\u015fk\u0131 ka\u00e7\u0131rma sorununun \u015fiddetini net olarak belirleyip,\u00a0<strong>ki\u015fiye \u00f6zel tedavi uyguluyoruz.<\/strong><\/p><h3>\ud83d\udca1 Uygulad\u0131\u011f\u0131m\u0131z Tedaviler:<\/h3><ul><li><strong>Anorektal Biofeedback Tedavisi:<\/strong>Ba\u011f\u0131rsak kaslar\u0131n\u0131 yeniden do\u011fru \u015fekilde kullanmay\u0131 \u00f6\u011freten \u00f6zel egzersizler. Hem klinikte hem de evde uygulanabilen cihazlarla yap\u0131labilir.<\/li><li><strong>Rektal Duyarl\u0131l\u0131k Terapisi:<\/strong>Ba\u011f\u0131rsak b\u00f6lgesindeki hassasiyeti art\u0131rarak tuvalet hissinin d\u00fczenlenmesini sa\u011flar.<\/li><\/ul><h3>\u2705 Size Nas\u0131l Yard\u0131mc\u0131 Olabiliriz?<\/h3><p>E\u011fer uzun s\u00fcredir kab\u0131zl\u0131k, d\u0131\u015fk\u0131 ka\u00e7\u0131rma ya da tam bo\u015falamama gibi sorunlar ya\u015f\u0131yorsan\u0131z, do\u011fru tan\u0131 ve etkili tedavi i\u00e7in bizimle ileti\u015fime ge\u00e7ebilirsiniz.<\/p><p><strong>Sizin i\u00e7in en uygun ve bilimsel \u00e7\u00f6z\u00fcmleri sunmak \u00fczere buraday\u0131z.<\/strong><\/p>\t\t\t\t\t\t\t\t<\/div>\n\t\t\t\t\t<\/div>\n\t\t\t\t<\/div>\n\t\t\t\t<\/div>\n\t\t","protected":false},"excerpt":{"rendered":"<p>Pelvik Taban Sorunlar\u0131nda Do\u011fru Tan\u0131, Etkili Tedavi Pelvik taban hastal\u0131klar\u0131; kab\u0131zl\u0131k, d\u0131\u015fk\u0131 ka\u00e7\u0131rma veya ba\u011f\u0131rsaklar\u0131n tam bo\u015falt\u0131lamamas\u0131 gibi \u015fikayetlere yol a\u00e7abilen, s\u0131k\u00e7a birbirine kar\u0131\u015fan ve tedavisi \u00f6zel yakla\u015f\u0131m gerektiren durumlard\u0131r. Bu nedenle do\u011fru tan\u0131 koymak ve ki\u015fiye \u00f6zel tedavi plan\u0131 olu\u015fturmak b\u00fcy\u00fck \u00f6nem ta\u015f\u0131r. \u015eimdiye kadar\u00a02000\u2019den fazla hastada\u00a0edindi\u011fimiz deneyimle, pelvik taban bozukluklar\u0131n\u0131\u00a0bilimsel ve kapsaml\u0131 bir [&hellip;]<\/p>\n","protected":false},"author":1,"featured_media":0,"parent":0,"menu_order":0,"comment_status":"closed","ping_status":"closed","template":"","meta":{"footnotes":""},"class_list":["post-139","page","type-page","status-publish","hentry"],"_links":{"self":[{"href":"https:\/\/karincaoglu.com.tr\/index.php?rest_route=\/wp\/v2\/pages\/139","targetHints":{"allow":["GET"]}}],"collection":[{"href":"https:\/\/karincaoglu.com.tr\/index.php?rest_route=\/wp\/v2\/pages"}],"about":[{"href":"https:\/\/karincaoglu.com.tr\/index.php?rest_route=\/wp\/v2\/types\/page"}],"author":[{"embeddable":true,"href":"https:\/\/karincaoglu.com.tr\/index.php?rest_route=\/wp\/v2\/users\/1"}],"replies":[{"embeddable":true,"href":"https:\/\/karincaoglu.com.tr\/index.php?rest_route=%2Fwp%2Fv2%2Fcomments&post=139"}],"version-history":[{"count":4,"href":"https:\/\/karincaoglu.com.tr\/index.php?rest_route=\/wp\/v2\/pages\/139\/revisions"}],"predecessor-version":[{"id":143,"href":"https:\/\/karincaoglu.com.tr\/index.php?rest_route=\/wp\/v2\/pages\/139\/revisions\/143"}],"wp:attachment":[{"href":"https:\/\/karincaoglu.com.tr\/index.php?rest_route=%2Fwp%2Fv2%2Fmedia&parent=139"}],"curies":[{"name":"wp","href":"https:\/\/api.w.org\/{rel}","templated":true}]}}